{"id":3155,"date":"2019-04-09T11:24:42","date_gmt":"2019-04-09T11:24:42","guid":{"rendered":"https:\/\/droitthemes.com\/wp\/saasland\/?page_id=3155"},"modified":"2021-03-04T10:08:41","modified_gmt":"2021-03-04T10:08:41","slug":"about-us","status":"publish","type":"page","link":"https:\/\/www.dowebpage.com\/dwp\/about-us\/","title":{"rendered":"Riguardo MMSoftware"},"content":{"rendered":"\t\t<div data-elementor-type=\"wp-post\" data-elementor-id=\"3155\" class=\"elementor elementor-3155\">\n\t\t\t\t\t\t<section class=\"elementor-section elementor-top-section elementor-element elementor-element-b946dc8 elementor-section-boxed elementor-section-height-default elementor-section-height-default\" data-id=\"b946dc8\" data-element_type=\"section\">\n\t\t\t\t\t\t<div class=\"elementor-container elementor-column-gap-default\">\n\t\t\t\t\t<div class=\"elementor-column elementor-col-100 elementor-top-column elementor-element elementor-element-7febdcf\" data-id=\"7febdcf\" data-element_type=\"column\">\n\t\t\t<div class=\"elementor-widget-wrap elementor-element-populated\">\n\t\t\t\t\t\t<div class=\"elementor-element elementor-element-7b4f9d7 elementor-widget elementor-widget-text-editor\" data-id=\"7b4f9d7\" data-element_type=\"widget\" data-widget_type=\"text-editor.default\">\n\t\t\t\t<div class=\"elementor-widget-container\">\n\t\t\t\t\t\t\t\t\t<blockquote>\n<h6>Ho sempre creduto nella tecnologia e nell&#8217;innovazione, ho seguito queste peste con la passione e la volont\u00e0 di creare qualcosa di diverso, migliore.&nbsp;<\/h6>\n<h6>Spesso m&#8217;interrogo se questo sia solo un gioco, maledettamente complesso, di relazione tra uomini e macchine, forse \u00e8 proprio cos\u00ec, una sfida continua che alimenta i miei progetti<\/h6>\n<h6>&nbsp; &nbsp; &nbsp; &nbsp; &nbsp; &nbsp; &nbsp; &nbsp; &nbsp; &nbsp; &nbsp; &nbsp; &nbsp; &nbsp; &nbsp; &nbsp; &nbsp; &nbsp; &nbsp; &nbsp; &nbsp;<\/h6>\n<h6>&nbsp; &nbsp; &nbsp; &nbsp; &nbsp; &nbsp; &nbsp; &nbsp; &nbsp; &nbsp; &nbsp; &nbsp; &nbsp; &nbsp; &nbsp; &nbsp; &nbsp; &nbsp; &nbsp; &nbsp; &nbsp; &nbsp; &nbsp; &nbsp; &nbsp; &nbsp; &nbsp; &nbsp; &nbsp; &nbsp; &nbsp; &nbsp; &nbsp; &nbsp; &nbsp; &nbsp; &nbsp; &nbsp; &nbsp; &nbsp; &nbsp; &nbsp; &nbsp; &nbsp; &nbsp; &nbsp; &nbsp; &nbsp; &nbsp; &nbsp; &nbsp; &nbsp; &nbsp; &nbsp; &nbsp; &nbsp; &nbsp; &nbsp; &nbsp; &nbsp; &nbsp; &nbsp; &nbsp; &nbsp; &nbsp; Michele Marzola<\/h6>\n<h6>&nbsp; &nbsp; &nbsp; &nbsp; &nbsp; &nbsp; &nbsp; &nbsp; &nbsp; &nbsp; &nbsp; &nbsp; &nbsp; &nbsp; &nbsp; &nbsp; &nbsp; &nbsp; &nbsp; &nbsp; &nbsp; &nbsp; &nbsp; &nbsp; &nbsp; &nbsp; &nbsp; &nbsp; &nbsp; &nbsp; &nbsp; &nbsp; &nbsp; &nbsp; &nbsp; &nbsp; &nbsp; &nbsp; &nbsp; &nbsp; &nbsp; &nbsp; &nbsp; &nbsp; &nbsp; &nbsp; &nbsp; &nbsp; &nbsp; &nbsp; &nbsp; &nbsp; &nbsp; &nbsp; &nbsp; &nbsp; &nbsp; &nbsp; MMSoftware Sistemi Informativi<\/h6>\n<h6>&nbsp;<\/h6>\n<\/blockquote>\t\t\t\t\t\t\t\t<\/div>\n\t\t\t\t<\/div>\n\t\t\t\t\t<\/div>\n\t\t<\/div>\n\t\t\t\t\t<\/div>\n\t\t<\/section>\n\t\t\t\t<section class=\"elementor-section elementor-top-section elementor-element elementor-element-15baca18 elementor-section-boxed elementor-section-height-default elementor-section-height-default\" data-id=\"15baca18\" data-element_type=\"section\" data-settings=\"{&quot;background_background&quot;:&quot;classic&quot;}\">\n\t\t\t\t\t\t<div class=\"elementor-container elementor-column-gap-no\">\n\t\t\t\t\t<div class=\"elementor-column elementor-col-100 elementor-top-column elementor-element elementor-element-2b99d76b\" data-id=\"2b99d76b\" data-element_type=\"column\">\n\t\t\t<div class=\"elementor-widget-wrap elementor-element-populated\">\n\t\t\t\t\t\t<div class=\"elementor-element elementor-element-6c683e72 elementor-widget elementor-widget-saasland_main_features\" data-id=\"6c683e72\" data-element_type=\"widget\" data-widget_type=\"saasland_main_features.default\">\n\t\t\t\t<div class=\"elementor-widget-container\">\n\t\t\t\t\t<section class=\"agency_service_area\">\r\n    <div class=\"container custom_container\">\r\n                    <h2 class=\"f_size_30 f_600 t_color3 l_height40 text-center mb_90 wow fadeInUp\" data-wow-delay=\"0.3s\">\r\n                MMSoftware nella digital transformation            <\/h2>\r\n                <div class=\"row mb_30\">\r\n                                <div class=\"col-lg-4 col-sm-6\">\r\n                        <div class=\"p_service_item agency_service_item pr_70 wow fadeInUp elementor-repeater-item-0da3ca2\" data-wow-delay=\"0.3s\">\r\n                            <div class=\"icon\">\r\n                                <i class=\"ti-panel\"><\/i>                            <\/div>\r\n                                                            <h5 class=\"f_600 f_p t_color3\">\r\n                                    Sviluppo software                                <\/h5>\r\n                                <p>Possiamo definire due grandi categorie, il software generalista e il software specializzato. Il concetto di standard non \u00e8 replicabile a tutto, impensabile affidarsi ad un'unica tecnologia, imperativo estendere. MMSoftware sviluppa progetti specializzati che estendono il sistema informativo aziendale indipendentemente dalla piattaforma utilizzata.<\/p>\n                        <\/div>\r\n                    <\/div>\r\n                                        <div class=\"col-lg-4 col-sm-6\">\r\n                        <div class=\"p_service_item agency_service_item pr_70 wow fadeInUp elementor-repeater-item-754efc3\" data-wow-delay=\"0.5s\">\r\n                            <div class=\"icon\">\r\n                                <i class=\"ti-panel\"><\/i>                            <\/div>\r\n                                                            <h5 class=\"f_600 f_p t_color3\">\r\n                                    Selezione del software                                <\/h5>\r\n                                <p>La scelta del software \u00e8 una sfida per l'azienda, poter contare su professionisti \u00e8 determinante, quando, come in questo caso, il rischio di fallimento \u00e8 elevato.<br \/>\nCambiare il software, significa sostituire il sistema nervoso dell'azienda ed \u00e8 evidente quanto possa essere delicato. Non esiste in assoluto il sistema migliore, esiste solo il sistema adatto a voi.<\/p>\n                        <\/div>\r\n                    <\/div>\r\n                                        <div class=\"col-lg-4 col-sm-6\">\r\n                        <div class=\"p_service_item agency_service_item pr_70 wow fadeInUp elementor-repeater-item-ee7d1b3\" data-wow-delay=\"0.7s\">\r\n                            <div class=\"icon\">\r\n                                <i class=\"ti-panel\"><\/i>                            <\/div>\r\n                                                            <h5 class=\"f_600 f_p t_color3\">\r\n                                    Consulenza ICT                                <\/h5>\r\n                                <p>Tanti anni di attivit\u00e0, esperienza, sono la garanzia per affrontare nuove sfide, nella maturata consapevolezza di quanto siano importanti conoscenza e relazioni. La capacit\u00e0 di adottare nuovi sistemi, processi e tecnologie dipende dalla forza con cui si trasmette valore e fiducia. Questi aspetti non sono scontati, averne piena consapevolezza rappresenta il primo passo.<\/p>\n                        <\/div>\r\n                    <\/div>\r\n                            <\/div>\r\n    <\/div>\r\n<\/section>\t\t\t\t<\/div>\n\t\t\t\t<\/div>\n\t\t\t\t\t<\/div>\n\t\t<\/div>\n\t\t\t\t\t<\/div>\n\t\t<\/section>\n\t\t\t\t<section class=\"elementor-section elementor-top-section elementor-element elementor-element-3e8d590 elementor-section-full_width elementor-section-height-default elementor-section-height-default\" data-id=\"3e8d590\" data-element_type=\"section\">\n\t\t\t\t\t\t<div class=\"elementor-container elementor-column-gap-no\">\n\t\t\t\t\t<div class=\"elementor-column elementor-col-100 elementor-top-column elementor-element elementor-element-39ba260e\" data-id=\"39ba260e\" data-element_type=\"column\">\n\t\t\t<div class=\"elementor-widget-wrap elementor-element-populated\">\n\t\t\t\t\t\t<div class=\"elementor-element elementor-element-b151e83 elementor-widget elementor-widget-saasland_map\" data-id=\"b151e83\" data-element_type=\"widget\" data-widget_type=\"saasland_map.default\">\n\t\t\t\t<div class=\"elementor-widget-container\">\n\t\t\t\t\t        <section class=\"map_area\">\r\n                        <div class=\"app_contact_info\">\r\n                <span class=\"triangle\"><\/span>\r\n                                        <div class=\"info_item elementor-repeater-item-3d62a59\">\r\n                            <i class=\"ti-home\"><\/i>\r\n                                                            <h6 class=\"f_p f_size_15 f_500\"> Studio: <\/h6>\r\n                                                                                        <p class=\"f_p f_size_15 f_300\"> Via dei Gerani, 36<br \/>\n44123 Ferrara<br \/>\nItalia <\/p>\r\n                                                    <\/div>\r\n                                                <div class=\"info_item elementor-repeater-item-0ac679f\">\r\n                            <i class=\"ti-email\"><\/i>\r\n                                                            <h6 class=\"f_p f_size_15 f_500\"> Email: <\/h6>\r\n                                                                                        <p class=\"f_p f_size_15 f_300\"> info@mmsoft.it <\/p>\r\n                                                    <\/div>\r\n                                                <div class=\"info_item elementor-repeater-item-d07302e\">\r\n                            <i class=\"ti-stamp\"><\/i>\r\n                                                            <h6 class=\"f_p f_size_15 f_500\"> P.I. <\/h6>\r\n                                                                                        <p class=\"f_p f_size_15 f_300\"> 01330650381 <\/p>\r\n                                                    <\/div>\r\n                                    <\/div>\r\n        <\/section>\r\n        \t\t\t\t<\/div>\n\t\t\t\t<\/div>\n\t\t\t\t\t<\/div>\n\t\t<\/div>\n\t\t\t\t\t<\/div>\n\t\t<\/section>\n\t\t\t\t<\/div>\n\t\t","protected":false},"excerpt":{"rendered":"<p>mmsoftware nella digital transformation<\/p>\n","protected":false},"author":1,"featured_media":0,"parent":0,"menu_order":0,"comment_status":"closed","ping_status":"closed","template":"elementor_header_footer","meta":{"footnotes":""},"class_list":["post-3155","page","type-page","status-publish","hentry","no-post-thumbnail"],"acf":[],"yoast_head":"<!-- This site is optimized with the Yoast SEO plugin v24.6 - https:\/\/yoast.com\/wordpress\/plugins\/seo\/ -->\n<title>Riguardo MMSoftware - MMSoftware Sistemi Informativi<\/title>\n<meta name=\"description\" content=\"MMSoftware Sistemi Informativi sviluppa software gestionali per l&#039;industria. MES. QMS, EAM, ORDER SCHEDULER per l&#039;industria 4.0\" \/>\n<meta name=\"robots\" content=\"index, follow, max-snippet:-1, max-image-preview:large, max-video-preview:-1\" \/>\n<link rel=\"canonical\" href=\"https:\/\/www.dowebpage.com\/dwp\/about-us\/\" \/>\n<meta property=\"og:locale\" content=\"it_IT\" \/>\n<meta property=\"og:type\" content=\"article\" \/>\n<meta property=\"og:title\" content=\"Riguardo MMSoftware - MMSoftware Sistemi Informativi\" \/>\n<meta property=\"og:description\" content=\"MMSoftware Sistemi Informativi sviluppa software gestionali per l&#039;industria. MES. QMS, EAM, ORDER SCHEDULER per l&#039;industria 4.0\" \/>\n<meta property=\"og:url\" content=\"https:\/\/www.dowebpage.com\/dwp\/about-us\/\" \/>\n<meta property=\"og:site_name\" content=\"MMSoftware Sistemi Informativi\" \/>\n<meta property=\"article:modified_time\" content=\"2021-03-04T10:08:41+00:00\" \/>\n<meta property=\"og:image\" content=\"https:\/\/droitthemes.com\/wp\/saasland-theme\/wp-content\/uploads\/2019\/10\/icon_shape1.png\" \/>\n<meta name=\"twitter:card\" content=\"summary_large_image\" \/>\n<meta name=\"twitter:label1\" content=\"Tempo di lettura stimato\" \/>\n\t<meta name=\"twitter:data1\" content=\"3 minuti\" \/>\n<script type=\"application\/ld+json\" class=\"yoast-schema-graph\">{\"@context\":\"https:\/\/schema.org\",\"@graph\":[{\"@type\":\"WebPage\",\"@id\":\"https:\/\/www.dowebpage.com\/dwp\/about-us\/\",\"url\":\"https:\/\/www.dowebpage.com\/dwp\/about-us\/\",\"name\":\"Riguardo MMSoftware - MMSoftware Sistemi Informativi\",\"isPartOf\":{\"@id\":\"https:\/\/www.dowebpage.com\/dwp\/#website\"},\"primaryImageOfPage\":{\"@id\":\"https:\/\/www.dowebpage.com\/dwp\/about-us\/#primaryimage\"},\"image\":{\"@id\":\"https:\/\/www.dowebpage.com\/dwp\/about-us\/#primaryimage\"},\"thumbnailUrl\":\"https:\/\/droitthemes.com\/wp\/saasland-theme\/wp-content\/uploads\/2019\/10\/icon_shape1.png\",\"datePublished\":\"2019-04-09T11:24:42+00:00\",\"dateModified\":\"2021-03-04T10:08:41+00:00\",\"description\":\"MMSoftware Sistemi Informativi sviluppa software gestionali per l'industria. MES. QMS, EAM, ORDER SCHEDULER per l'industria 4.0\",\"breadcrumb\":{\"@id\":\"https:\/\/www.dowebpage.com\/dwp\/about-us\/#breadcrumb\"},\"inLanguage\":\"it-IT\",\"potentialAction\":[{\"@type\":\"ReadAction\",\"target\":[\"https:\/\/www.dowebpage.com\/dwp\/about-us\/\"]}]},{\"@type\":\"ImageObject\",\"inLanguage\":\"it-IT\",\"@id\":\"https:\/\/www.dowebpage.com\/dwp\/about-us\/#primaryimage\",\"url\":\"https:\/\/droitthemes.com\/wp\/saasland-theme\/wp-content\/uploads\/2019\/10\/icon_shape1.png\",\"contentUrl\":\"https:\/\/droitthemes.com\/wp\/saasland-theme\/wp-content\/uploads\/2019\/10\/icon_shape1.png\"},{\"@type\":\"BreadcrumbList\",\"@id\":\"https:\/\/www.dowebpage.com\/dwp\/about-us\/#breadcrumb\",\"itemListElement\":[{\"@type\":\"ListItem\",\"position\":1,\"name\":\"Home\",\"item\":\"https:\/\/www.dowebpage.com\/dwp\/\"},{\"@type\":\"ListItem\",\"position\":2,\"name\":\"Riguardo MMSoftware\"}]},{\"@type\":\"WebSite\",\"@id\":\"https:\/\/www.dowebpage.com\/dwp\/#website\",\"url\":\"https:\/\/www.dowebpage.com\/dwp\/\",\"name\":\"MMSoftware Sistemi Informativi\",\"description\":\"Passione Software\",\"publisher\":{\"@id\":\"https:\/\/www.dowebpage.com\/dwp\/#organization\"},\"potentialAction\":[{\"@type\":\"SearchAction\",\"target\":{\"@type\":\"EntryPoint\",\"urlTemplate\":\"https:\/\/www.dowebpage.com\/dwp\/?s={search_term_string}\"},\"query-input\":{\"@type\":\"PropertyValueSpecification\",\"valueRequired\":true,\"valueName\":\"search_term_string\"}}],\"inLanguage\":\"it-IT\"},{\"@type\":\"Organization\",\"@id\":\"https:\/\/www.dowebpage.com\/dwp\/#organization\",\"name\":\"MMSoftware Sistemi Informativi\",\"url\":\"https:\/\/www.dowebpage.com\/dwp\/\",\"logo\":{\"@type\":\"ImageObject\",\"inLanguage\":\"it-IT\",\"@id\":\"https:\/\/www.dowebpage.com\/dwp\/#\/schema\/logo\/image\/\",\"url\":\"https:\/\/www.dowebpage.com\/dwp\/wp-content\/uploads\/2020\/04\/cropped-logo_mmsoft_browser-1.png\",\"contentUrl\":\"https:\/\/www.dowebpage.com\/dwp\/wp-content\/uploads\/2020\/04\/cropped-logo_mmsoft_browser-1.png\",\"width\":512,\"height\":512,\"caption\":\"MMSoftware Sistemi Informativi\"},\"image\":{\"@id\":\"https:\/\/www.dowebpage.com\/dwp\/#\/schema\/logo\/image\/\"},\"sameAs\":[\"https:\/\/www.linkedin.com\/in\/mmsoftware\/\"]}]}<\/script>\n<!-- \/ Yoast SEO plugin. -->","yoast_head_json":{"title":"Riguardo MMSoftware - MMSoftware Sistemi Informativi","description":"MMSoftware Sistemi Informativi sviluppa software gestionali per l'industria. MES. QMS, EAM, ORDER SCHEDULER per l'industria 4.0","robots":{"index":"index","follow":"follow","max-snippet":"max-snippet:-1","max-image-preview":"max-image-preview:large","max-video-preview":"max-video-preview:-1"},"canonical":"https:\/\/www.dowebpage.com\/dwp\/about-us\/","og_locale":"it_IT","og_type":"article","og_title":"Riguardo MMSoftware - MMSoftware Sistemi Informativi","og_description":"MMSoftware Sistemi Informativi sviluppa software gestionali per l'industria. MES. QMS, EAM, ORDER SCHEDULER per l'industria 4.0","og_url":"https:\/\/www.dowebpage.com\/dwp\/about-us\/","og_site_name":"MMSoftware Sistemi Informativi","article_modified_time":"2021-03-04T10:08:41+00:00","og_image":[{"url":"https:\/\/droitthemes.com\/wp\/saasland-theme\/wp-content\/uploads\/2019\/10\/icon_shape1.png","type":"","width":"","height":""}],"twitter_card":"summary_large_image","twitter_misc":{"Tempo di lettura stimato":"3 minuti"},"schema":{"@context":"https:\/\/schema.org","@graph":[{"@type":"WebPage","@id":"https:\/\/www.dowebpage.com\/dwp\/about-us\/","url":"https:\/\/www.dowebpage.com\/dwp\/about-us\/","name":"Riguardo MMSoftware - MMSoftware Sistemi Informativi","isPartOf":{"@id":"https:\/\/www.dowebpage.com\/dwp\/#website"},"primaryImageOfPage":{"@id":"https:\/\/www.dowebpage.com\/dwp\/about-us\/#primaryimage"},"image":{"@id":"https:\/\/www.dowebpage.com\/dwp\/about-us\/#primaryimage"},"thumbnailUrl":"https:\/\/droitthemes.com\/wp\/saasland-theme\/wp-content\/uploads\/2019\/10\/icon_shape1.png","datePublished":"2019-04-09T11:24:42+00:00","dateModified":"2021-03-04T10:08:41+00:00","description":"MMSoftware Sistemi Informativi sviluppa software gestionali per l'industria. MES. QMS, EAM, ORDER SCHEDULER per l'industria 4.0","breadcrumb":{"@id":"https:\/\/www.dowebpage.com\/dwp\/about-us\/#breadcrumb"},"inLanguage":"it-IT","potentialAction":[{"@type":"ReadAction","target":["https:\/\/www.dowebpage.com\/dwp\/about-us\/"]}]},{"@type":"ImageObject","inLanguage":"it-IT","@id":"https:\/\/www.dowebpage.com\/dwp\/about-us\/#primaryimage","url":"https:\/\/droitthemes.com\/wp\/saasland-theme\/wp-content\/uploads\/2019\/10\/icon_shape1.png","contentUrl":"https:\/\/droitthemes.com\/wp\/saasland-theme\/wp-content\/uploads\/2019\/10\/icon_shape1.png"},{"@type":"BreadcrumbList","@id":"https:\/\/www.dowebpage.com\/dwp\/about-us\/#breadcrumb","itemListElement":[{"@type":"ListItem","position":1,"name":"Home","item":"https:\/\/www.dowebpage.com\/dwp\/"},{"@type":"ListItem","position":2,"name":"Riguardo MMSoftware"}]},{"@type":"WebSite","@id":"https:\/\/www.dowebpage.com\/dwp\/#website","url":"https:\/\/www.dowebpage.com\/dwp\/","name":"MMSoftware Sistemi Informativi","description":"Passione Software","publisher":{"@id":"https:\/\/www.dowebpage.com\/dwp\/#organization"},"potentialAction":[{"@type":"SearchAction","target":{"@type":"EntryPoint","urlTemplate":"https:\/\/www.dowebpage.com\/dwp\/?s={search_term_string}"},"query-input":{"@type":"PropertyValueSpecification","valueRequired":true,"valueName":"search_term_string"}}],"inLanguage":"it-IT"},{"@type":"Organization","@id":"https:\/\/www.dowebpage.com\/dwp\/#organization","name":"MMSoftware Sistemi Informativi","url":"https:\/\/www.dowebpage.com\/dwp\/","logo":{"@type":"ImageObject","inLanguage":"it-IT","@id":"https:\/\/www.dowebpage.com\/dwp\/#\/schema\/logo\/image\/","url":"https:\/\/www.dowebpage.com\/dwp\/wp-content\/uploads\/2020\/04\/cropped-logo_mmsoft_browser-1.png","contentUrl":"https:\/\/www.dowebpage.com\/dwp\/wp-content\/uploads\/2020\/04\/cropped-logo_mmsoft_browser-1.png","width":512,"height":512,"caption":"MMSoftware Sistemi Informativi"},"image":{"@id":"https:\/\/www.dowebpage.com\/dwp\/#\/schema\/logo\/image\/"},"sameAs":["https:\/\/www.linkedin.com\/in\/mmsoftware\/"]}]}},"_links":{"self":[{"href":"https:\/\/www.dowebpage.com\/dwp\/wp-json\/wp\/v2\/pages\/3155","targetHints":{"allow":["GET"]}}],"collection":[{"href":"https:\/\/www.dowebpage.com\/dwp\/wp-json\/wp\/v2\/pages"}],"about":[{"href":"https:\/\/www.dowebpage.com\/dwp\/wp-json\/wp\/v2\/types\/page"}],"author":[{"embeddable":true,"href":"https:\/\/www.dowebpage.com\/dwp\/wp-json\/wp\/v2\/users\/1"}],"replies":[{"embeddable":true,"href":"https:\/\/www.dowebpage.com\/dwp\/wp-json\/wp\/v2\/comments?post=3155"}],"version-history":[{"count":114,"href":"https:\/\/www.dowebpage.com\/dwp\/wp-json\/wp\/v2\/pages\/3155\/revisions"}],"predecessor-version":[{"id":6130,"href":"https:\/\/www.dowebpage.com\/dwp\/wp-json\/wp\/v2\/pages\/3155\/revisions\/6130"}],"wp:attachment":[{"href":"https:\/\/www.dowebpage.com\/dwp\/wp-json\/wp\/v2\/media?parent=3155"}],"curies":[{"name":"wp","href":"https:\/\/api.w.org\/{rel}","templated":true}]}}